{"id":11254,"date":"2023-05-10T18:13:40","date_gmt":"2023-05-10T16:13:40","guid":{"rendered":"https:\/\/www.amap44.org\/?page_id=11254"},"modified":"2025-03-02T12:56:41","modified_gmt":"2025-03-02T11:56:41","slug":"cgu-camap","status":"publish","type":"page","link":"https:\/\/www.amap44.org\/?page_id=11254","title":{"rendered":"CGU CAMAP"},"content":{"rendered":"\n<h1 style=\"text-align: center;\">Conditions g\u00e9n\u00e9rales d&rsquo;utilisation du site https:\/\/camap.amap44.org<\/h1>\n<pre>V1.0 En vigueur au 10\/05\/2023<\/pre>\n<p>Les pr\u00e9sentes conditions g\u00e9n\u00e9rales d&rsquo;utilisation (dites \u00ab <strong>CGU<\/strong> \u00bb) ont pour objet l&rsquo;encadrement\u00a0 juridique des modalit\u00e9s de mise \u00e0 disposition du site <a href=\"https:\/\/camap.amap44.org\" data-cke-saved-href=\"https:\/\/camap.amap44.org\">https:\/\/camap.amap44.org<\/a> et des services par l&rsquo;<strong>Editeur\u00a0InterAmap44<\/strong>, et de\u00a0 d\u00e9finir les conditions d\u2019acc\u00e8s et d\u2019utilisation des services par \u00abl&rsquo;<strong>Utilisateur<\/strong>\u00bb.<br \/>Les pr\u00e9sentes <strong>CGU<\/strong> sont accessibles sur le site \u00e0 la rubrique \u00ab\/cgu\u00bb (<a href=\"https:\/\/camap.amap44.org\/cgu\" data-cke-saved-href=\"https:\/\/camap.amap44.org\/cgu\">https:\/\/camap.amap44.org\/cgu<\/a>).<br \/>Toute inscription ou utilisation du site implique l&rsquo;acceptation sans aucune r\u00e9serve ni restriction des pr\u00e9sentes <strong>CGU<\/strong> par l\u2019<strong>Utilisateur<\/strong>. Lors de l&rsquo;inscription sur le site via le Formulaire d\u2019inscription, chaque <strong>Utilisateur<\/strong> accepte express\u00e9ment les pr\u00e9sentes <strong>CGU<\/strong> en cochant la case pr\u00e9c\u00e9dant le texte\u00a0 suivant : \u00abJ&rsquo;accepte les\u00a0<span style=\"text-decoration: underline;\">conditions g\u00e9n\u00e9rales d&rsquo;utilisation<\/span>\u00bb.\u00a0<br \/>En cas de non-acceptation des <strong>CGU<\/strong> stipul\u00e9es dans le pr\u00e9sent contrat, l&rsquo;<strong>Utilisateur<\/strong> se doit de renoncer \u00e0\u00a0 l&rsquo;acc\u00e8s aux services propos\u00e9s par le site.<br \/><strong>InterAMAP44<\/strong> se r\u00e9serve le droit de modifier unilat\u00e9ralement et \u00e0 tout moment le\u00a0contenu des pr\u00e9sentes <strong>CGU<\/strong>.<\/p>\n<h2>ARTICLE 1 : Les mentions l\u00e9gales<\/h2>\n<p>L&rsquo;<strong>InterAMAP44<\/strong>, Association loi 1901, domicili\u00e9e 1 Boulevard Boulay-Paty 44100 Nantes, dans le cadre de ses missions de promotion des Associations pour le Maintien d&rsquo;une Agriculture Paysanne\u00a0 et\u00a0 d&rsquo;accompagnement et d&rsquo;animation du r\u00e9seau des AMAP de Loire-Atlantique, met \u00e0 disposition des AMAP et producteurs distribuant en AMAP l&rsquo;application web CAMAP du domaine publique publi\u00e9e sous License\u00a0 libre GPL-2 disponible sur https:\/\/github.com\/CAMAP-APP et h\u00e9berg\u00e9e sur un\u00a0 serveur lou\u00e9 aupr\u00e8s de GANDI SAS, Soci\u00e9t\u00e9 par Actions Simplifi\u00e9e au capital de 800.000\u20ac ayant son si\u00e8ge social au 63-65\u00a0 boulevard Mass\u00e9na \u00e0 Paris (75013) FRANCE, immatricul\u00e9e sous le num\u00e9ro 423 093 459 RCS PARIS.<br \/>L&rsquo;application est accessible \u00e0 l&rsquo;adresse <a href=\"https:\/\/camap.amap44.org\" data-cke-saved-href=\"https:\/\/camap.amap44.org\">https:\/\/camap.amap44.org<\/a>.<\/p>\n<p><strong>InterAMAP44<\/strong> peut \u00eatre contact\u00e9 \u00e0 l\u2019adresse email <a href=\"mailto:support@camap.amap44.org\" data-cke-saved-href=\"mailto:support@camap.amap44.org\">support@camap.amap44.org<\/a>\u00a0ou en utilisant <a href=\"https:\/\/www.amap44.org\/contact\/\" data-cke-saved-href=\"https:\/\/www.amap44.org\/contact\/\">le formulaire d\u00e9di\u00e9<\/a>.<\/p>\n<h2>ARTICLE 2 : Acc\u00e8s au site<\/h2>\n<p>L&rsquo;acc\u00e8s et l&rsquo;utilisation du site <a href=\"https:\/\/camap.amap44.org\" data-cke-saved-href=\"https:\/\/camap.amap44.org\">https:\/\/camap.amap44.org<\/a> en tant qu&rsquo;Utilisateur est gratuit. La cr\u00e9ation de\u00a0 groupe CAMAP sur l&rsquo;application est soumise \u00e0 un abonnement annuel payant. La demande de cr\u00e9ation de groupe doit se faire aupr\u00e8s d&rsquo;InterAMAP44 \u00e0 l&rsquo;adresse:\u00a0<a href=\"https:\/\/www.amap44.org\/camap\/\" target=\"_blank\" rel=\"noopener\" data-cke-saved-href=\"https:\/\/www.amap44.org\/contact\/camap-demande-de-creation-de-groupe\/\">https:\/\/www.amap44.org\/camap\/<br \/><\/a>On distingue l&rsquo;Utilisateur \u00ab\u00a0simple\u00a0\u00bb de l&rsquo;Utilisateur administrateur ou repr\u00e9sentant l\u00e9gal de groupe CAMAP\u00a0 (r\u00e9f\u00e9renc\u00e9 comme tel dans les propri\u00e9t\u00e9s du groupe CAMAP dont il a demand\u00e9 la cr\u00e9ation).<\/p>\n<h3>1- Administrateur ou Repr\u00e9sentant l\u00e9gal de groupe CAMAP<\/h3>\n<p>L&rsquo;administrateur et gestionnaire du <strong>groupe CAMAP<\/strong> h\u00e9berg\u00e9 sur https:\/\/camap.amap44.org est une association 1901 d\u00e9clar\u00e9e ou \u00ab\u00a0de fait\u00a0\u00bb ou un producteur distribuant en AMAP.<br \/>Son repr\u00e9sentant l\u00e9gal est r\u00e9f\u00e9renc\u00e9 dans les propri\u00e9t\u00e9s du <strong>groupe CAMAP<\/strong> en tant que tel.<br \/>Il ou elle s&rsquo;engage \u00e0:<\/p>\n<ul>\n<li>\u00a0respecter la Charte Nationale des AMAP (2014) disponible ici:\u00a0<a href=\"https:\/\/www.amap44.org\/wp-content\/uploads\/2019\/01\/Charte-des-AMAP-mars-2014.pdf\" data-cke-saved-href=\"https:\/\/www.amap44.org\/wp-content\/uploads\/2019\/01\/Charte-des-AMAP-mars-2014.pdf\">https:\/\/www.amap44.org\/wp-content\/uploads\/2019\/01\/Charte-des-AMAP-mars-2014.pdf<\/a><\/li>\n<li>\u00a0ne prendre aucune commission sous quelque forme que ce soit sur les contrats \u00ab\u00a0AMAP\u00a0classique\u00a0\u00bb ou \u00ab\u00a0AMAP variable\u00a0\u00bb g\u00e9r\u00e9s avec l&rsquo;application CAMAP .<\/li>\n<li>s&rsquo;assurer que tous les producteurs r\u00e9f\u00e9renc\u00e9s dans son <strong>groupe Camap<\/strong> sont des professionnels d\u00fbment d\u00e9clar\u00e9s (SIREN)<\/li>\n<li>s&rsquo;assurer que les producteurs r\u00e9f\u00e9renc\u00e9s dans son <strong>groupe CAMAP<\/strong> ont bien une activit\u00e9 de production ou transformation et ne proposent que des produits issus de leur production, sauf cas marginal et pr\u00e9vu au contrat (par ex. approvisionnement ponctuel de certains l\u00e9gumes par un maraicher)<\/li>\n<li>respecter le RGPD en ce qui concerne l&rsquo;inscription de ses membres et la gestion de leurs donn\u00e9es personnelles sur l&rsquo;application CAMAP h\u00e9berg\u00e9e sur camap.amap44.org, et les\u00a0 informer de leurs droits d&rsquo;acc\u00e8s\/de modification\/de suppression de leurs donn\u00e9es personnelles<\/li>\n<li>ne recueillir que les donn\u00e9es n\u00e9cessaires au bon fonctionnement de l&rsquo;AMAP et de l&rsquo;application<\/li>\n<li>ne pas utiliser le <strong>groupe CAMAP<\/strong> pour stocker des fichiers autres que ceux n\u00e9cessaires et en\u00a0cours de validit\u00e9 (contrats disponibles, statut de l&rsquo;AMAP, r\u00e8glement int\u00e9rieur, &#8230;) afin de limiter\u00a0l&rsquo;espace de stockage utilis\u00e9, dans un soucis environnemental et de limitation du co\u00fbt\u00a0mutualis\u00e9 d&rsquo;h\u00e9bergement<\/li>\n<li>n&rsquo;utiliser l&rsquo;outil de messagerie que dans le cadre des activit\u00e9s du <strong>groupe CAMAP<\/strong> et veiller \u00e0\u00a0respecter les recommandations list\u00e9es ici:\u00a0<a href=\"https:\/\/wiki.amap44.org\/fr\/app\/bonnes-pratiques-messagerie#que-puis-je-faire-pour-aider-au-bon-fonctionnement-de-camapamap44org\" target=\"_blank\" rel=\"noopener\" data-wplink-edit=\"true\">https:\/\/wiki.amap44.org\/fr\/app\/bonnes-pratiques- messagerie#que-puis-je-faire-pour-aider-au-bon-fonctionnement-de-camapamap44org<\/a>\u00a0<\/li>\n<li>\u00eatre \u00e0 jour du paiement de son h\u00e9bergement annuel sur camap.amap44.org aupr\u00e8s\u00a0d&rsquo;<strong>InterAMAP44<\/strong><\/li>\n<\/ul>\n<h3>2- Utilisateur\u00a0<\/h3>\n<p>Le site est accessible gratuitement en tout lieu \u00e0 tout <strong>Utilisateur<\/strong> ayant un acc\u00e8s \u00e0 Internet. Tous les frais support\u00e9s par l&rsquo;<strong>Utilisateur<\/strong> pour acc\u00e9der au service (mat\u00e9riel informatique, logiciels, connexion Internet,\u00a0 etc.) sont \u00e0 sa charge.<br \/>L\u2019<strong>Utilisateur<\/strong> non membre (n&rsquo;ayant pas cr\u00e9\u00e9 de compte sur l&rsquo;application) n&rsquo;a pas acc\u00e8s aux\u00a0 services r\u00e9serv\u00e9s. Pour cela, il doit proc\u00e9der \u00e0 la cr\u00e9ation de son compte en remplissant le formulaire d&rsquo;inscription. Lors de la cr\u00e9ation de son compte, l\u2019<strong>Utilisateur<\/strong> membre s\u2019engage \u00e0 fournir des informations sinc\u00e8res et exactes concernant son \u00e9tat civil et ses coordonn\u00e9es, notamment son adresse email. Pour acc\u00e9der aux\u00a0 services, l\u2019<strong>Utilisateur<\/strong> doit ensuite s&rsquo;identifier \u00e0 l&rsquo;aide de son identifiant et du mot de passe qu&rsquo;il aura\u00a0 d\u00e9fini\u00a0 au terme de la proc\u00e9dure qui lui sera communiqu\u00e9 par email apr\u00e8s validation du formulaire. Tout\u00a0 <strong>Utilisateur<\/strong> r\u00e9guli\u00e8rement inscrit pourra \u00e9galement exercer son droit de modification ou de suppression\u00a0 des donn\u00e9es de son compte\u00a0en se\u00a0rendant <a href=\"https:\/\/wiki.amap44.org\/fr\/app\/mon-compte-camap#suppression-du-compte-camap\" data-cke-saved-href=\"https:\/\/wiki.amap44.org\/fr\/app\/Utilisation-de-CAMAP#supprimer-mon-compte-camap-sur-camapamap44org\">\u00e0 la page d\u00e9di\u00e9e sur son espace\u00a0 personnel.<\/a>\u00a0<\/p>\n<h3>3- M\u00e9susage<\/h3>\n<p>En cas d\u2019usage d\u00e9tourn\u00e9 ou malveillant de l&rsquo;application, <strong>InterAMAP44<\/strong> se r\u00e9serve le droit de suspendre ou\u00a0 supprimer tout <strong>groupe CAMAP<\/strong>\u00a0ou <strong>compte Utilisateur<\/strong> qui ne respecterait pas les pr\u00e9sentes\u00a0<strong>CGU<\/strong>,\u00a0 apr\u00e8s demande de mise en conformit\u00e9 aupr\u00e8s du \u00ab\u00a0Repr\u00e9sentant l\u00e9gal\u00a0\u00bb r\u00e9f\u00e9renc\u00e9 dans les propri\u00e9t\u00e9s du\u00a0 <strong>groupe<\/strong>\u00a0 <strong>CAMAP<\/strong> ou du titulaire du compte <strong>Utilisateur<\/strong>. Cette suspension ou suppression ne pourra\u00a0 donner lieu \u00e0 aucun remboursement d&rsquo;abonnement (<strong>pour les groupes CAMAP<\/strong>).<\/p>\n<h3>4- Fourniture de service<\/h3>\n<p>La fourniture du service d&rsquo;acc\u00e8s \u00e0 cette application est assur\u00e9e par des membres b\u00e9n\u00e9voles de\u00a0 l&rsquo;association <strong>InterAMAP44<\/strong> moyennant le paiement \u00e0 l&rsquo;association d&rsquo;un abonnement annuel. <strong>InterAMAP44<\/strong>\u00a0 assure la maintenance logicielle du serveur et le support aux utilisateurs, r\u00e9alise les\u00a0 op\u00e9rations de mise \u00e0 jour et de sauvegarde des donn\u00e9es afin d&rsquo;en assurer la disponibilit\u00e9, mais ne saurait\u00a0 \u00eatre tenue\u00a0 responsable d&rsquo;\u00e9ventuels pr\u00e9judices d\u00e9coulant d&rsquo;incidents techniques, de bugs, de piratage ou\u00a0 tout autre \u00e9v\u00e9nement ind\u00e9pendant de sa volont\u00e9 impactant l&rsquo;application, le serveur ou le r\u00e9seau internet\u00a0 et entrainant le dysfonctionnement, l&rsquo;indisponibilit\u00e9 temporaire ou permanente de\u00a0 l&rsquo;application CAMAP\u00a0 ou la perte partielle ou totale de donn\u00e9es. Aucun remboursement ne saurait avoir lieu en cas\u00a0 d&rsquo;interruption de service. Seul un arr\u00eat d\u00e9finitif de la fourniture du service en cours d&rsquo;ann\u00e9e pourra\u00a0 donner lieu \u00e0 un remboursement prorata temporis. <u>L&rsquo;absence de risque de perte de donn\u00e9es ne pouvant\u00a0 \u00eatre garanti, nous\u00a0 encourageons les AMAP \u00e0 ne pas proc\u00e9der \u00e0 la d\u00e9mat\u00e9rialisation compl\u00e8te des\u00a0 contrats entre producteurs et adh\u00e9rents.<\/u><\/p>\n<h3>5- Litige<\/h3>\n<p><u><\/u>Tout litige en relation avec l\u2019utilisation du site camap.amap44.org est soumis au droit fran\u00e7ais. Il est fait attribution exclusive de juridiction aux tribunaux\u00a0 comp\u00e9tents de Nantes (44).<\/p>\n<h2>ARTICLE 3 : Collecte des donn\u00e9es<\/h2>\n<p><strong>InterAMAP44<\/strong> assure \u00e0 l&rsquo;<strong>Utilisateur<\/strong> une collecte et un traitement d&rsquo;informations personnelles dans le\u00a0 respect de la vie priv\u00e9e conform\u00e9ment \u00e0 la loi n\u00b078-17 du 6 janvier 1978 relative \u00e0 l&rsquo;informatique, aux\u00a0 fichiers et aux libert\u00e9s.\u00a0<br \/>En vertu de la loi Informatique et Libert\u00e9s, en date du 6 janvier 1978, l&rsquo;<strong>Utilisateur<\/strong> dispose d&rsquo;un droit d&rsquo;acc\u00e8s, de rectification, de suppression et d&rsquo;opposition de ses donn\u00e9es\u00a0 personnelles. L&rsquo;<strong>Utilisateur<\/strong> exerce ce droit en se rendant <a href=\"https:\/\/wiki.amap44.org\/fr\/app\/mon-compte-camap#suppression-du-compte-camap\" data-cke-saved-href=\"https:\/\/wiki.amap44.org\/fr\/app\/Utilisation-de-CAMAP#supprimer-mon-compte-camap-sur-camapamap44org\">\u00e0 la page d\u00e9di\u00e9e sur son espace\u00a0 personnel<\/a>, en contactant\u00a0 <strong>InterAMAP44<\/strong> \u00e0\u00a0 l\u2019adresse email <a href=\"mailto:support@camap.amap44.org\" data-cke-saved-href=\"mailto:support@camap.amap44.org\">support@camap.amap44.org<\/a>\u00a0ou en utilisant <a href=\"https:\/\/www.amap44.org\/contact\/\" data-cke-saved-href=\"https:\/\/www.amap44.org\/contact\/\">le formulaire d\u00e9di\u00e9<\/a>.<br \/><strong>InterAMAP44<\/strong> peut dans le cadre de la fourniture du service d&rsquo;h\u00e9bergement de l&rsquo;application CAMAP avoir acc\u00e8s aux donn\u00e9es pr\u00e9sentant un int\u00e9r\u00eat l\u00e9gitime ou contractuel stock\u00e9es sur son serveur, mais s&rsquo;engage\u00a0 \u00e0 n&rsquo;en faire aucun usage autre que celui n\u00e9cessaire \u00e0 la bonne r\u00e9alisation du service, incluant notamment\u00a0 la\u00a0 sauvegarde de l&rsquo;application, l&rsquo;assistance utilisateur, la v\u00e9rification du respect des <strong>CGU<\/strong>, la\u00a0 communication aux utilisateurs d&rsquo;information concernant le fonctionnement, l&rsquo;\u00e9tat ou les \u00e9volutions du\u00a0 service, l&rsquo;ex\u00e9cution\u00a0 du contrat, et le recouvrement des abonnements.<br \/><strong>InterAMAP44<\/strong> s&rsquo;engage \u00e0 ne pas faire d&rsquo;utilisation commerciale des donn\u00e9es et \u00e0 ne pas\u00a0les communiquer \u00e0 des tiers.<\/p>\n<h2>ARTICLE 4 : Propri\u00e9t\u00e9 intellectuelle<\/h2>\n<p>Les marques, logos, signes ainsi que tous les contenus du site (textes, images, son&#8230;) font l&rsquo;objet d&rsquo;une protection par le Code de la propri\u00e9t\u00e9 intellectuelle et plus particuli\u00e8rement par le droit d&rsquo;auteur. <strong>L&rsquo;Utilisateur<\/strong> doit solliciter l&rsquo;autorisation pr\u00e9alable du site ou du repr\u00e9sentant l\u00e9gal du <strong>groupe CAMAP<\/strong> concern\u00e9 pour toute reproduction, publication, ou copie des diff\u00e9rents contenus. Toute repr\u00e9sentation\u00a0 totale ou partielle de ce site par quelque proc\u00e9d\u00e9 que ce soit, sans l\u2019autorisation expresse de l\u2019\u00e9diteur du\u00a0 site Internet constituerait une contrefa\u00e7on sanctionn\u00e9e par l\u2019article L 335-2 et suivants du Code de la\u00a0 propri\u00e9t\u00e9 intellectuelle.<br \/>Il est rappel\u00e9 conform\u00e9ment \u00e0 l\u2019article L122-5 du Code de propri\u00e9t\u00e9 intellectuelle que l\u2019<strong>Utilisateur<\/strong> qui reproduit, copie ou publie le contenu prot\u00e9g\u00e9 doit citer l\u2019auteur et sa source.\u00a0<\/p>\n<h2>ARTICLE 5 : Responsabilit\u00e9<\/h2>\n<p>Les sources des informations diffus\u00e9es sur le site https:\/\/ camap.amap44.org sont r\u00e9put\u00e9es fiables mais <strong>InterAMAP44<\/strong> ne garantit pas qu\u2019il soit exempt de d\u00e9fauts, d\u2019erreurs ou d\u2019omissions. Les informations communiqu\u00e9es sont pr\u00e9sent\u00e9es \u00e0 titre indicatif et g\u00e9n\u00e9ral sans valeur contractuelle. Malgr\u00e9 des mises \u00e0\u00a0 jour r\u00e9guli\u00e8res, <strong>InterAMAP44<\/strong> ne peut \u00eatre tenu responsable de la modification des dispositions\u00a0 administratives et juridiques survenant apr\u00e8s leur publication. De m\u00eame, le site ne peut \u00eatre tenue\u00a0 responsable de l\u2019utilisation et de l\u2019interpr\u00e9tation de l\u2019information contenue dans ce site.<\/p>\n<p>Les informations et contenus publi\u00e9s par les <strong>groupes CAMAP<\/strong> rel\u00e8vent de la responsabilit\u00e9 exclusive de leur\u00a0administrateurs et Repr\u00e9sentant l\u00e9gal.<br \/><br \/>L&rsquo;<strong>Utilisateur<\/strong> s&rsquo;assure de la confidentialit\u00e9 de son mot de passe. Toute divulgation du mot de passe, quelle<br \/>que soit sa forme, est interdite.\u00a0<\/p>\n<p><strong>InterAMAP44<\/strong> ne saurait \u00eatre tenu pour responsable d\u2019\u00e9ventuels virus qui pourraient infecter l\u2019ordinateur\u00a0 ou le mat\u00e9riel informatique de l\u2019<strong>Utilisateur<\/strong>, suite \u00e0 l&rsquo;utilisation, la consultation, ou le t\u00e9l\u00e9chargement de\u00a0 pages ou documents provenant du site https:\/\/camap.amap44.org.<br \/>La responsabilit\u00e9 d&rsquo;<strong>InterAMAP44<\/strong> ne peut \u00eatre engag\u00e9e en cas de force majeure ou du fait impr\u00e9visible et<br \/>insurmontable d&rsquo;un tiers.<\/p>\n<h2>ARTICLE 6 : Liens hypertextes<\/h2>\n<p>Des liens hypertextes peuvent \u00eatre pr\u00e9sents sur le site. L\u2019<strong>Utilisateur<\/strong> est inform\u00e9 qu\u2019en cliquant sur ces liens, il sortira du site https:\/\/ camap.amap44.org. <strong>InterAMAP44<\/strong> n\u2019a pas de contr\u00f4le sur les pages web sur lesquelles aboutissent ces liens et ne saurait, en aucun cas, \u00eatre tenu responsable de leur contenu.<\/p>\n<h2>ARTICLE 7 : Cookies<\/h2>\n<p>L\u2019<strong>Utilisateur<\/strong> est inform\u00e9 que lors de ses visites sur le site, un cookie peut s\u2019installer automatiquement\u00a0sur son logiciel de navigation.\u00a0Les cookies sont de petits fichiers stock\u00e9s temporairement sur le disque dur de l\u2019ordinateur de\u00a0l\u2019<strong>Utilisateur<\/strong> par son navigateur et qui sont n\u00e9cessaires \u00e0 l\u2019utilisation du site https:\/\/camap.amap44.org. Les cookies ne contiennent pas d\u2019information personnelle et ne peuvent pas \u00eatre utilis\u00e9s pour identifier quelqu\u2019un. Un cookie contient un identifiant unique, g\u00e9n\u00e9r\u00e9 al\u00e9atoirement et donc anonyme. Certains cookies expirent \u00e0 la fin de la visite de l\u2019<strong>Utilisateur<\/strong>, d\u2019autres\u00a0persistent un certain temps.<br \/>Les informations contenues dans les cookies sont n\u00e9cessaire au bon fonctionnement du site\u00a0 \u00a0https:\/\/amap.amap44.org. En naviguant sur le site, l\u2019<strong>Utilisateur<\/strong>\u00a0consent \u00e0 leur utilisation. L\u2019<strong>Utilisateur<\/strong> peut d\u00e9sactiver\u00a0ou effacer ces cookies par l\u2019interm\u00e9diaire des param\u00e8tres de son\u00a0logiciel de navigation.<\/p>\n<h2>ARTICLE 8 : Droit applicable et juridiction comp\u00e9tente<\/h2>\n<p>La l\u00e9gislation fran\u00e7aise s&rsquo;applique au pr\u00e9sent contrat. En cas d&rsquo;absence de r\u00e9solution amiable d&rsquo;un litige n\u00e9 entre les parties, les tribunaux fran\u00e7ais seront seuls comp\u00e9tents pour en conna\u00eetre. Il est\u00a0 fait attribution exclusive de juridiction aux tribunaux\u00a0 comp\u00e9tents de Nantes (44).<br \/>Pour toute question relative \u00e0 l\u2019application des pr\u00e9sentes CGU, vous pouvez joindre l\u2019\u00e9diteur aux<br \/>coordonn\u00e9es inscrites \u00e0 l\u2019ARTICLE 1.<\/p>\n","protected":false},"excerpt":{"rendered":"<p>Conditions g\u00e9n\u00e9rales d&rsquo;utilisation du site https:\/\/camap.amap44.org V1.0 En vigueur au 10\/05\/2023 Les pr\u00e9sentes conditions g\u00e9n\u00e9rales d&rsquo;utilisation (dites \u00ab CGU \u00bb) ont pour objet l&rsquo;encadrement\u00a0 juridique des modalit\u00e9s de mise \u00e0 disposition du site https:\/\/camap.amap44.org et des services par l&rsquo;Editeur\u00a0InterAmap44, et de\u00a0 d\u00e9finir les conditions d\u2019acc\u00e8s et d\u2019utilisation des services par \u00abl&rsquo;Utilisateur\u00bb.Les pr\u00e9sentes CGU sont accessibles [&hellip;]<\/p>\n","protected":false},"author":1,"featured_media":0,"parent":0,"menu_order":0,"comment_status":"closed","ping_status":"closed","template":"","meta":{"footnotes":""},"class_list":["post-11254","page","type-page","status-publish","hentry"],"_links":{"self":[{"href":"https:\/\/www.amap44.org\/index.php?rest_route=\/wp\/v2\/pages\/11254","targetHints":{"allow":["GET"]}}],"collection":[{"href":"https:\/\/www.amap44.org\/index.php?rest_route=\/wp\/v2\/pages"}],"about":[{"href":"https:\/\/www.amap44.org\/index.php?rest_route=\/wp\/v2\/types\/page"}],"author":[{"embeddable":true,"href":"https:\/\/www.amap44.org\/index.php?rest_route=\/wp\/v2\/users\/1"}],"replies":[{"embeddable":true,"href":"https:\/\/www.amap44.org\/index.php?rest_route=%2Fwp%2Fv2%2Fcomments&post=11254"}],"version-history":[{"count":10,"href":"https:\/\/www.amap44.org\/index.php?rest_route=\/wp\/v2\/pages\/11254\/revisions"}],"predecessor-version":[{"id":12010,"href":"https:\/\/www.amap44.org\/index.php?rest_route=\/wp\/v2\/pages\/11254\/revisions\/12010"}],"wp:attachment":[{"href":"https:\/\/www.amap44.org\/index.php?rest_route=%2Fwp%2Fv2%2Fmedia&parent=11254"}],"curies":[{"name":"wp","href":"https:\/\/api.w.org\/{rel}","templated":true}]}}